{"id":1220,"date":"2021-07-07T14:38:05","date_gmt":"2021-07-07T12:38:05","guid":{"rendered":"http:\/\/localhost\/ride-with-passion\/?page_id=1220"},"modified":"2021-07-07T14:38:05","modified_gmt":"2021-07-07T12:38:05","slug":"delivery","status":"publish","type":"page","link":"https:\/\/ridewithpassion.tirol\/en\/shop\/delivery\/","title":{"rendered":"Delivery"},"content":{"rendered":"<h2>Preise, Versandkosten und Lieferinformationen<\/h2>\n<p>Die auf den Produktseiten genannten Preise enthalten die gesetzliche Mehrwertsteuer und sonstige Preisbestandteile. Zus\u00e4tzlich zu den angegebenen Preisen berechnen wir Tarife f\u00fcr die Lieferung.<\/p>\n<p>Wir liefern standardm\u00e4\u00dfig nach \u00d6sterreich, Deutschland, Italien, Belgien, D\u00e4nemark, Frankreich, Kroatien, Liechtenstein, Luxemburg, Niederlande, Polen, Rum\u00e4nien, Serbien, Slowakei, Slowenien, Tschechien und Ungarn.<\/p>\n<p>Versandkosten:<br \/>\n\u2013 nach \u00d6sterreich und Deutschland: pauschal 6,90 Euro (+20% MwSt) pro Bestellung (gratis Versand ab 200,00 Euro).<br \/>\n\u2013 nach Italien, Belgien, D\u00e4nemark, Frankreich, Kroatien, Liechtenstein, Luxemburg, Niederlande, Polen, Rum\u00e4nien, Serbien, Slowakei, Slowenien, Tschechien und Ungarn: pauschal 19,90 Euro (+20% MwSt) pro Bestellung.<\/p>\n<p>F\u00fcr Versand in andere L\u00e4nder ist der Kauf \u00fcber unsere Webseite nicht m\u00f6glich, in dem Fall kontaktieren sie uns bitte \u00fcber unser <a href=\"http:\/\/localhost\/ride-with-passion\/service\/kontakt\/\">Kontaktformular<\/a>.<\/p>\n<p>Die Versandkosten werden Ihnen im Warenkorbsystem und auf der Bestellseite nochmals deutlich mitgeteilt.<\/p>\n<p>Die Versandkostenpauschale enth\u00e4lt die gesetzliche Mehrwertsteuer. Da die Mehrwertsteuer auf die Versandkostenpauschale abh\u00e4ngig von den erworbenen Waren berechnet wird, kann sie sich mindern, wenn Waren zu niedrigeren Umsatzsteuers\u00e4tzen erworben werden (z.B. bei Erwerb von B\u00fcchern). Das bedeutet, dass die Versandkostenpauschale erst im Rahmen des Bestellprozesses endg\u00fcltig berechnet werden kann. Sie kann dabei jedoch nicht h\u00f6her, sondern nur zu Ihren Gunsten niedriger werden.<\/p>\n","protected":false},"excerpt":{"rendered":"<p>Preise, Versandkosten und Lieferinformationen Die auf den Produktseiten genannten Preise enthalten die gesetzliche Mehrwertsteuer und sonstige Preisbestandteile. Zus\u00e4tzlich zu den angegebenen Preisen berechnen wir Tarife f\u00fcr die Lieferung. Wir liefern standardm\u00e4\u00dfig nach \u00d6sterreich, Deutschland, Italien, Belgien, D\u00e4nemark, Frankreich, Kroatien, Liechtenstein, Luxemburg, Niederlande, Polen, Rum\u00e4nien, Serbien, Slowakei, Slowenien, Tschechien und Ungarn. Versandkosten: \u2013 nach \u00d6sterreich und [&hellip;]<\/p>\n","protected":false},"author":1,"featured_media":0,"parent":1213,"menu_order":0,"comment_status":"closed","ping_status":"closed","template":"","meta":{"footnotes":""},"class_list":["post-1220","page","type-page","status-publish","hentry"],"_links":{"self":[{"href":"https:\/\/ridewithpassion.tirol\/en\/wp-json\/wp\/v2\/pages\/1220","targetHints":{"allow":["GET"]}}],"collection":[{"href":"https:\/\/ridewithpassion.tirol\/en\/wp-json\/wp\/v2\/pages"}],"about":[{"href":"https:\/\/ridewithpassion.tirol\/en\/wp-json\/wp\/v2\/types\/page"}],"author":[{"embeddable":true,"href":"https:\/\/ridewithpassion.tirol\/en\/wp-json\/wp\/v2\/users\/1"}],"replies":[{"embeddable":true,"href":"https:\/\/ridewithpassion.tirol\/en\/wp-json\/wp\/v2\/comments?post=1220"}],"version-history":[{"count":1,"href":"https:\/\/ridewithpassion.tirol\/en\/wp-json\/wp\/v2\/pages\/1220\/revisions"}],"predecessor-version":[{"id":1221,"href":"https:\/\/ridewithpassion.tirol\/en\/wp-json\/wp\/v2\/pages\/1220\/revisions\/1221"}],"up":[{"embeddable":true,"href":"https:\/\/ridewithpassion.tirol\/en\/wp-json\/wp\/v2\/pages\/1213"}],"wp:attachment":[{"href":"https:\/\/ridewithpassion.tirol\/en\/wp-json\/wp\/v2\/media?parent=1220"}],"curies":[{"name":"wp","href":"https:\/\/api.w.org\/{rel}","templated":true}]}}