{"id":1190,"date":"2021-06-09T17:58:47","date_gmt":"2021-06-09T15:58:47","guid":{"rendered":"http:\/\/localhost\/ride-with-passion\/?page_id=1190"},"modified":"2021-08-05T15:37:19","modified_gmt":"2021-08-05T13:37:19","slug":"impressum","status":"publish","type":"page","link":"https:\/\/ridewithpassion.tirol\/en\/impressum\/","title":{"rendered":"Impressum"},"content":{"rendered":"<p>Ride with passion GmbH<br \/>\nHauptfrachtenbahnhof 2c<br \/>\n6020 Innsbruck<br \/>\n\u00d6sterreich<\/p>\n<p>Tel.: +43 (0)512 290 292<br \/>\nE-Mail: info@ridewithpassion.tirol<\/p>\n<p>Gesch\u00e4ftsf\u00fchrer: Gerhard Kapeller<\/p>\n<p>UID-Nummer: ATU68126324<\/p>\n<p>Firmenbuchnummer: FN401328p<br \/>\nFirmenbuchgericht: Landesgericht Innsbruck<\/p>\n<p>Plattform der EU-Kommission zur Online-Streitbeilegung: <a href=\"https:\/\/ec.europa.eu\/odr\" target=\"_blank\" rel=\"noopener\">https:\/\/ec.europa.eu\/odr<\/a><\/p>\n<p>Wir sind zur Teilnahme an einem Streitbeilegungsverfahren vor einer Verbraucherschlichtungsstelle weder verpflichtet noch bereit.<\/p>\n<p>Verantwortliche i.S.d. \u00a7 18 Abs. 2 MStV:<br \/>\nMag. Thomas Pupp, c\/o Ride with passion GmbH, Hauptfrachtenbahnhof 2c, A-6020 Innsbruck<\/p>\n","protected":false},"excerpt":{"rendered":"<p>Ride with passion GmbH Hauptfrachtenbahnhof 2c 6020 Innsbruck \u00d6sterreich Tel.: +43 (0)512 290 292 E-Mail: info@ridewithpassion.tirol Gesch\u00e4ftsf\u00fchrer: Gerhard Kapeller UID-Nummer: ATU68126324 Firmenbuchnummer: FN401328p Firmenbuchgericht: Landesgericht Innsbruck Plattform der EU-Kommission zur Online-Streitbeilegung: https:\/\/ec.europa.eu\/odr Wir sind zur Teilnahme an einem Streitbeilegungsverfahren vor einer Verbraucherschlichtungsstelle weder verpflichtet noch bereit. Verantwortliche i.S.d. \u00a7 18 Abs. 2 MStV: Mag. Thomas [&hellip;]<\/p>\n","protected":false},"author":1,"featured_media":0,"parent":0,"menu_order":0,"comment_status":"closed","ping_status":"closed","template":"","meta":{"footnotes":""},"class_list":["post-1190","page","type-page","status-publish","hentry"],"_links":{"self":[{"href":"https:\/\/ridewithpassion.tirol\/en\/wp-json\/wp\/v2\/pages\/1190","targetHints":{"allow":["GET"]}}],"collection":[{"href":"https:\/\/ridewithpassion.tirol\/en\/wp-json\/wp\/v2\/pages"}],"about":[{"href":"https:\/\/ridewithpassion.tirol\/en\/wp-json\/wp\/v2\/types\/page"}],"author":[{"embeddable":true,"href":"https:\/\/ridewithpassion.tirol\/en\/wp-json\/wp\/v2\/users\/1"}],"replies":[{"embeddable":true,"href":"https:\/\/ridewithpassion.tirol\/en\/wp-json\/wp\/v2\/comments?post=1190"}],"version-history":[{"count":7,"href":"https:\/\/ridewithpassion.tirol\/en\/wp-json\/wp\/v2\/pages\/1190\/revisions"}],"predecessor-version":[{"id":2229,"href":"https:\/\/ridewithpassion.tirol\/en\/wp-json\/wp\/v2\/pages\/1190\/revisions\/2229"}],"wp:attachment":[{"href":"https:\/\/ridewithpassion.tirol\/en\/wp-json\/wp\/v2\/media?parent=1190"}],"curies":[{"name":"wp","href":"https:\/\/api.w.org\/{rel}","templated":true}]}}